{"id":55,"date":"2025-03-09T15:59:47","date_gmt":"2025-03-09T14:59:47","guid":{"rendered":"https:\/\/przewodnikpadwawenecja.com\/?page_id=55"},"modified":"2025-07-14T19:54:48","modified_gmt":"2025-07-14T18:54:48","slug":"klaudia-pieruta-przewodnik-po-padwie-wenecji-i-weronie","status":"publish","type":"page","link":"https:\/\/przewodnikpadwawenecja.com\/","title":{"rendered":"Klaudia Pieruta &#8211; Przewodnik po Padwie, Wenecji i Weronie"},"content":{"rendered":"\n<p class=\"has-large-font-size\">Kontakt: <a href=\"tel:+393924516184 \">+393924516184<\/a> <\/p>\n\n\n\n<p class=\"has-large-font-size\" id=\"block-61b93481-f750-4488-b4f9-4ad7ebd0c281\"><a href=\"mailto:pierutak@gmail.com\">pierutak@gmail.com<\/a><\/p>\n\n\n\n<p>Mieszkam we W\u0142oszech od 20 lat, uko\u0144czy\u0142am Histori\u0119 Sztuki, kt\u00f2ra jest moj\u0105 pasj\u0105.<\/p>\n\n\n\n<p>Jestem oficjalnym przewodnikiem w\u0142oskim, posiadam wszystkie dokumenty potrzebne do oprowadzania wg przepis\u00f2w ustawodawstwa w\u0142oskiego.<\/p>\n\n\n\n<p>Zapraszam do wsp\u00f2lnego zwiedzania!<\/p>\n\n\n\n<p><\/p>\n\n\n\n<p><\/p>\n","protected":false},"excerpt":{"rendered":"<p>Kontakt: +393924516184 pierutak@gmail.com Mieszkam we W\u0142oszech od 20 lat, uko\u0144czy\u0142am Histori\u0119 Sztuki, kt\u00f2ra jest moj\u0105 pasj\u0105. Jestem oficjalnym przewodnikiem w\u0142oskim, posiadam wszystkie dokumenty potrzebne do oprowadzania wg przepis\u00f2w ustawodawstwa w\u0142oskiego. Zapraszam do wsp\u00f2lnego zwiedzania!<\/p>\n","protected":false},"author":1,"featured_media":0,"parent":0,"menu_order":0,"comment_status":"closed","ping_status":"closed","template":"","meta":{"footnotes":""},"class_list":["post-55","page","type-page","status-publish","hentry"],"yoast_head":"<!-- This site is optimized with the Yoast SEO plugin v27.4 - https:\/\/yoast.com\/product\/yoast-seo-wordpress\/ -->\n<title>Klaudia Pieruta - Przewodnik po Padwie, Wenecji i Weronie - Klaudia Pieruta - Przewodnik po Padwie, Wenecji i Weronie - tel:+393924516184<\/title>\n<meta name=\"robots\" content=\"index, follow, max-snippet:-1, max-image-preview:large, max-video-preview:-1\" \/>\n<link rel=\"canonical\" href=\"https:\/\/przewodnikpadwawenecja.com\/\" \/>\n<meta property=\"og:locale\" content=\"en_US\" \/>\n<meta property=\"og:type\" content=\"article\" \/>\n<meta property=\"og:title\" content=\"Klaudia Pieruta - Przewodnik po Padwie, Wenecji i Weronie - Klaudia Pieruta - Przewodnik po Padwie, Wenecji i Weronie - tel:+393924516184\" \/>\n<meta property=\"og:description\" content=\"Kontakt: +393924516184 pierutak@gmail.com Mieszkam we W\u0142oszech od 20 lat, uko\u0144czy\u0142am Histori\u0119 Sztuki, kt\u00f2ra jest moj\u0105 pasj\u0105. Jestem oficjalnym przewodnikiem w\u0142oskim, posiadam wszystkie dokumenty potrzebne do oprowadzania wg przepis\u00f2w ustawodawstwa w\u0142oskiego. Zapraszam do wsp\u00f2lnego zwiedzania!\" \/>\n<meta property=\"og:url\" content=\"https:\/\/przewodnikpadwawenecja.com\/\" \/>\n<meta property=\"og:site_name\" content=\"Klaudia Pieruta - Przewodnik po Padwie, Wenecji i Weronie - tel:+393924516184\" \/>\n<meta property=\"article:modified_time\" content=\"2025-07-14T18:54:48+00:00\" \/>\n<meta name=\"twitter:card\" content=\"summary_large_image\" \/>\n<meta name=\"twitter:label1\" content=\"Est. reading time\" \/>\n\t<meta name=\"twitter:data1\" content=\"1 minute\" \/>\n<script type=\"application\/ld+json\" class=\"yoast-schema-graph\">{\"@context\":\"https:\\\/\\\/schema.org\",\"@graph\":[{\"@type\":\"WebPage\",\"@id\":\"https:\\\/\\\/przewodnikpadwawenecja.com\\\/\",\"url\":\"https:\\\/\\\/przewodnikpadwawenecja.com\\\/\",\"name\":\"Klaudia Pieruta - Przewodnik po Padwie, Wenecji i Weronie - Klaudia Pieruta - Przewodnik po Padwie, Wenecji i Weronie - tel:+393924516184\",\"isPartOf\":{\"@id\":\"https:\\\/\\\/przewodnikpadwawenecja.com\\\/#website\"},\"datePublished\":\"2025-03-09T14:59:47+00:00\",\"dateModified\":\"2025-07-14T18:54:48+00:00\",\"breadcrumb\":{\"@id\":\"https:\\\/\\\/przewodnikpadwawenecja.com\\\/#breadcrumb\"},\"inLanguage\":\"en\",\"potentialAction\":[{\"@type\":\"ReadAction\",\"target\":[\"https:\\\/\\\/przewodnikpadwawenecja.com\\\/\"]}]},{\"@type\":\"BreadcrumbList\",\"@id\":\"https:\\\/\\\/przewodnikpadwawenecja.com\\\/#breadcrumb\",\"itemListElement\":[{\"@type\":\"ListItem\",\"position\":1,\"name\":\"Home\",\"item\":\"https:\\\/\\\/przewodnikpadwawenecja.com\\\/\"},{\"@type\":\"ListItem\",\"position\":2,\"name\":\"Klaudia Pieruta &#8211; Przewodnik po Padwie, Wenecji i Weronie\"}]},{\"@type\":\"WebSite\",\"@id\":\"https:\\\/\\\/przewodnikpadwawenecja.com\\\/#website\",\"url\":\"https:\\\/\\\/przewodnikpadwawenecja.com\\\/\",\"name\":\"Przewodnik turystyczny Padwa Wenecja\",\"description\":\"Kontakt: +393924516184 mail: pierutak@gmail.com\",\"potentialAction\":[{\"@type\":\"SearchAction\",\"target\":{\"@type\":\"EntryPoint\",\"urlTemplate\":\"https:\\\/\\\/przewodnikpadwawenecja.com\\\/?s={search_term_string}\"},\"query-input\":{\"@type\":\"PropertyValueSpecification\",\"valueRequired\":true,\"valueName\":\"search_term_string\"}}],\"inLanguage\":\"en\"}]}<\/script>\n<!-- \/ Yoast SEO plugin. -->","yoast_head_json":{"title":"Klaudia Pieruta - Przewodnik po Padwie, Wenecji i Weronie - Klaudia Pieruta - Przewodnik po Padwie, Wenecji i Weronie - tel:+393924516184","robots":{"index":"index","follow":"follow","max-snippet":"max-snippet:-1","max-image-preview":"max-image-preview:large","max-video-preview":"max-video-preview:-1"},"canonical":"https:\/\/przewodnikpadwawenecja.com\/","og_locale":"en_US","og_type":"article","og_title":"Klaudia Pieruta - Przewodnik po Padwie, Wenecji i Weronie - Klaudia Pieruta - Przewodnik po Padwie, Wenecji i Weronie - tel:+393924516184","og_description":"Kontakt: +393924516184 pierutak@gmail.com Mieszkam we W\u0142oszech od 20 lat, uko\u0144czy\u0142am Histori\u0119 Sztuki, kt\u00f2ra jest moj\u0105 pasj\u0105. Jestem oficjalnym przewodnikiem w\u0142oskim, posiadam wszystkie dokumenty potrzebne do oprowadzania wg przepis\u00f2w ustawodawstwa w\u0142oskiego. Zapraszam do wsp\u00f2lnego zwiedzania!","og_url":"https:\/\/przewodnikpadwawenecja.com\/","og_site_name":"Klaudia Pieruta - Przewodnik po Padwie, Wenecji i Weronie - tel:+393924516184","article_modified_time":"2025-07-14T18:54:48+00:00","twitter_card":"summary_large_image","twitter_misc":{"Est. reading time":"1 minute"},"schema":{"@context":"https:\/\/schema.org","@graph":[{"@type":"WebPage","@id":"https:\/\/przewodnikpadwawenecja.com\/","url":"https:\/\/przewodnikpadwawenecja.com\/","name":"Klaudia Pieruta - Przewodnik po Padwie, Wenecji i Weronie - Klaudia Pieruta - Przewodnik po Padwie, Wenecji i Weronie - tel:+393924516184","isPartOf":{"@id":"https:\/\/przewodnikpadwawenecja.com\/#website"},"datePublished":"2025-03-09T14:59:47+00:00","dateModified":"2025-07-14T18:54:48+00:00","breadcrumb":{"@id":"https:\/\/przewodnikpadwawenecja.com\/#breadcrumb"},"inLanguage":"en","potentialAction":[{"@type":"ReadAction","target":["https:\/\/przewodnikpadwawenecja.com\/"]}]},{"@type":"BreadcrumbList","@id":"https:\/\/przewodnikpadwawenecja.com\/#breadcrumb","itemListElement":[{"@type":"ListItem","position":1,"name":"Home","item":"https:\/\/przewodnikpadwawenecja.com\/"},{"@type":"ListItem","position":2,"name":"Klaudia Pieruta &#8211; Przewodnik po Padwie, Wenecji i Weronie"}]},{"@type":"WebSite","@id":"https:\/\/przewodnikpadwawenecja.com\/#website","url":"https:\/\/przewodnikpadwawenecja.com\/","name":"Przewodnik turystyczny Padwa Wenecja","description":"Kontakt: +393924516184 mail: pierutak@gmail.com","potentialAction":[{"@type":"SearchAction","target":{"@type":"EntryPoint","urlTemplate":"https:\/\/przewodnikpadwawenecja.com\/?s={search_term_string}"},"query-input":{"@type":"PropertyValueSpecification","valueRequired":true,"valueName":"search_term_string"}}],"inLanguage":"en"}]}},"_links":{"self":[{"href":"https:\/\/przewodnikpadwawenecja.com\/index.php?rest_route=\/wp\/v2\/pages\/55","targetHints":{"allow":["GET"]}}],"collection":[{"href":"https:\/\/przewodnikpadwawenecja.com\/index.php?rest_route=\/wp\/v2\/pages"}],"about":[{"href":"https:\/\/przewodnikpadwawenecja.com\/index.php?rest_route=\/wp\/v2\/types\/page"}],"author":[{"embeddable":true,"href":"https:\/\/przewodnikpadwawenecja.com\/index.php?rest_route=\/wp\/v2\/users\/1"}],"replies":[{"embeddable":true,"href":"https:\/\/przewodnikpadwawenecja.com\/index.php?rest_route=%2Fwp%2Fv2%2Fcomments&post=55"}],"version-history":[{"count":13,"href":"https:\/\/przewodnikpadwawenecja.com\/index.php?rest_route=\/wp\/v2\/pages\/55\/revisions"}],"predecessor-version":[{"id":151,"href":"https:\/\/przewodnikpadwawenecja.com\/index.php?rest_route=\/wp\/v2\/pages\/55\/revisions\/151"}],"wp:attachment":[{"href":"https:\/\/przewodnikpadwawenecja.com\/index.php?rest_route=%2Fwp%2Fv2%2Fmedia&parent=55"}],"curies":[{"name":"wp","href":"https:\/\/api.w.org\/{rel}","templated":true}]}}